{"id":879,"date":"2022-11-13T08:56:16","date_gmt":"2022-11-13T07:56:16","guid":{"rendered":"https:\/\/binational-bs.ch\/?page_id=879"},"modified":"2024-09-27T10:19:25","modified_gmt":"2024-09-27T08:19:25","slug":"oferta","status":"publish","type":"page","link":"https:\/\/binational-bs.ch\/es\/oferta\/","title":{"rendered":"Oferta"},"content":{"rendered":"\n<div class=\"wp-block-group alignfull pics is-layout-flow wp-container-core-group-is-layout-820ac180 wp-block-group-is-layout-flow\" style=\"padding-top:0;padding-right:0;padding-bottom:0;padding-left:0\">\n<div class=\"wp-block-columns is-layout-flex wp-container-core-columns-is-layout-28f84493 wp-block-columns-is-layout-flex\">\n<div class=\"wp-block-column is-layout-flow wp-block-column-is-layout-flow\">\n<div class=\"wp-block-cover nomobile\" style=\"min-height:300px;aspect-ratio:unset;\"><span aria-hidden=\"true\" class=\"wp-block-cover__background has-background-dim-0 has-background-dim\"><\/span><img alt=\"\" loading=\"lazy\" decoding=\"async\" width=\"800\" height=\"600\" class=\"wp-block-cover__image-background wp-image-2054\" alt=\"\" src=\"https:\/\/binational-bs.ch\/wp-content\/uploads\/2022\/12\/insel-1-1.jpg\" style=\"object-position:0% 20%\" data-object-fit=\"cover\" data-object-position=\"0% 20%\" srcset=\"https:\/\/binational-bs.ch\/wp-content\/uploads\/2022\/12\/insel-1-1.jpg 800w, https:\/\/binational-bs.ch\/wp-content\/uploads\/2022\/12\/insel-1-1-500x375.jpg 500w, https:\/\/binational-bs.ch\/wp-content\/uploads\/2022\/12\/insel-1-1-768x576.jpg 768w\" sizes=\"auto, (max-width: 800px) 100vw, 800px\" \/><div class=\"wp-block-cover__inner-container is-layout-flow wp-block-cover-is-layout-flow\">\n<p class=\"has-text-align-center has-large-font-size\"><\/p>\n<\/div><\/div>\n<\/div>\n\n\n\n<div class=\"wp-block-column is-layout-flow wp-block-column-is-layout-flow\">\n<div class=\"wp-block-cover\" style=\"min-height:300px;aspect-ratio:unset;\"><span aria-hidden=\"true\" class=\"wp-block-cover__background has-background-dim-10 has-background-dim\"><\/span><img alt=\"\" loading=\"lazy\" decoding=\"async\" width=\"1000\" height=\"667\" class=\"wp-block-cover__image-background wp-image-1059\" alt=\"\" src=\"https:\/\/binational-bs.ch\/wp-content\/uploads\/2022\/12\/people-6.jpg\" data-object-fit=\"cover\" srcset=\"https:\/\/binational-bs.ch\/wp-content\/uploads\/2022\/12\/people-6.jpg 1000w, https:\/\/binational-bs.ch\/wp-content\/uploads\/2022\/12\/people-6-500x334.jpg 500w, https:\/\/binational-bs.ch\/wp-content\/uploads\/2022\/12\/people-6-768x512.jpg 768w, https:\/\/binational-bs.ch\/wp-content\/uploads\/2022\/12\/people-6-600x400.jpg 600w, https:\/\/binational-bs.ch\/wp-content\/uploads\/2022\/12\/people-6-938x626.jpg 938w\" sizes=\"auto, (max-width: 1000px) 100vw, 1000px\" \/><div class=\"wp-block-cover__inner-container is-layout-flow wp-block-cover-is-layout-flow\">\n<h1 class=\"wp-block-heading has-text-align-center has-background-color has-text-color has-gilda-display-font-family\">Oferta<\/h1>\n<\/div><\/div>\n<\/div>\n\n\n\n<div class=\"wp-block-column is-layout-flow wp-block-column-is-layout-flow\">\n<div class=\"wp-block-cover is-light nomobile\" style=\"min-height:300px;aspect-ratio:unset;\"><span aria-hidden=\"true\" class=\"wp-block-cover__background has-background-dim-0 has-background-dim\"><\/span><img alt=\"\" loading=\"lazy\" decoding=\"async\" width=\"2000\" height=\"1333\" class=\"wp-block-cover__image-background wp-image-501\" alt=\"\" src=\"https:\/\/binational-bs.ch\/wp-content\/uploads\/2022\/11\/photo-9.jpg\" data-object-fit=\"cover\" srcset=\"https:\/\/binational-bs.ch\/wp-content\/uploads\/2022\/11\/photo-9.jpg 2000w, https:\/\/binational-bs.ch\/wp-content\/uploads\/2022\/11\/photo-9-500x333.jpg 500w, https:\/\/binational-bs.ch\/wp-content\/uploads\/2022\/11\/photo-9-1024x682.jpg 1024w, https:\/\/binational-bs.ch\/wp-content\/uploads\/2022\/11\/photo-9-768x512.jpg 768w, https:\/\/binational-bs.ch\/wp-content\/uploads\/2022\/11\/photo-9-1536x1024.jpg 1536w, https:\/\/binational-bs.ch\/wp-content\/uploads\/2022\/11\/photo-9-600x400.jpg 600w, https:\/\/binational-bs.ch\/wp-content\/uploads\/2022\/11\/photo-9-938x625.jpg 938w, https:\/\/binational-bs.ch\/wp-content\/uploads\/2022\/11\/photo-9-1130x753.jpg 1130w\" sizes=\"auto, (max-width: 2000px) 100vw, 2000px\" \/><div class=\"wp-block-cover__inner-container is-layout-flow wp-block-cover-is-layout-flow\">\n<p class=\"has-text-align-center has-large-font-size\"><\/p>\n<\/div><\/div>\n<\/div>\n<\/div>\n<\/div>\n\n\n\n<div style=\"height:70px\" aria-hidden=\"true\" class=\"wp-block-spacer\"><\/div>\n\n\n\n<h2 class=\"wp-block-heading\">Si la vida cotidiana plantea preguntas<\/h2>\n\n\n\n<p>La asesor\u00eda facilita informaci\u00f3n sobre &nbsp;los distintos aspectos de la convivencia:<\/p>\n\n\n\n<ul class=\"wp-block-list\">\n<li>sobre cuestiones jur\u00eddicas antes, durante y despu\u00e9s del matrimonio \/ la convivencia en pareja<\/li>\n\n\n\n<li>sobre cuestiones sociales, culturales y religiosas &nbsp;<\/li>\n\n\n\n<li>sobre el sistema educativo, sobre la integraci\u00f3n laboral en Suiza y sobre la integraci\u00f3n en la sociedad suiza<\/li>\n<\/ul>\n\n\n\n<div style=\"height:30px\" aria-hidden=\"true\" class=\"wp-block-spacer\"><\/div>\n\n\n\n<h2 class=\"wp-block-heading\">Si necesita que le escuchen<\/h2>\n\n\n\n<p>La asesor\u00eda apoya a quien necesita consejo:<\/p>\n\n\n\n<ul class=\"wp-block-list\">\n<li>aconsejando&nbsp; a las parejas antes del matrimonio o en caso de separaci\u00f3n\/divorcio<\/li>\n\n\n\n<li>acompa\u00f1ando a parejas y familias en momentos de dificultades y crisis, sin perder de vista su trasfondo binacional<\/li>\n\n\n\n<li>actuando de intermediaria y ayudando en las relaciones con organismos e instituciones &nbsp;<\/li>\n\n\n\n<li>apoyando y asistiendo los esfuerzos por integrarse de los miembros extranjeros de la pareja<\/li>\n\n\n\n<li>informando en caso de cuestiones sobre educaci\u00f3n binacional o sobre derecho infantil<\/li>\n<\/ul>\n\n\n\n<p>Para poder ofrecer un apoyo \u00f3ptimo, lo m\u00e1s importante es la entrevista personal. \u00c9sta la puede realizar la persona individual o ambos miembros de la pareja. Si est\u00e1 interesado\/a en una sesi\u00f3n de asesoramiento, p\u00f3ngase en contacto con nosotros y le facilitaremos una cita.<\/p>\n\n\n\n<div style=\"height:40px\" aria-hidden=\"true\" class=\"wp-block-spacer\"><\/div>\n\n\n\n<div class=\"wp-block-buttons is-layout-flex wp-block-buttons-is-layout-flex\">\n<div class=\"wp-block-button has-custom-font-size has-medium-font-size\"><a class=\"wp-block-button__link wp-element-button\" href=\"mailto:info@binational-bs.ch\" style=\"border-radius:5px;padding-right:var(--wp--preset--spacing--70);padding-left:var(--wp--preset--spacing--70)\">Contacto<\/a><\/div>\n<\/div>\n","protected":false},"excerpt":{"rendered":"<p>Si la vida cotidiana plantea preguntas La asesor\u00eda facilita informaci\u00f3n sobre &nbsp;los distintos aspectos de la convivencia: Si necesita que le escuchen La asesor\u00eda apoya [&hellip;]<\/p>\n","protected":false},"author":1,"featured_media":0,"parent":0,"menu_order":0,"comment_status":"closed","ping_status":"closed","template":"","meta":{"_seopress_robots_primary_cat":"","_seopress_titles_title":"","_seopress_titles_desc":"","_seopress_robots_index":"","footnotes":""},"class_list":["post-879","page","type-page","status-publish","hentry"],"_links":{"self":[{"href":"https:\/\/binational-bs.ch\/es\/wp-json\/wp\/v2\/pages\/879","targetHints":{"allow":["GET"]}}],"collection":[{"href":"https:\/\/binational-bs.ch\/es\/wp-json\/wp\/v2\/pages"}],"about":[{"href":"https:\/\/binational-bs.ch\/es\/wp-json\/wp\/v2\/types\/page"}],"author":[{"embeddable":true,"href":"https:\/\/binational-bs.ch\/es\/wp-json\/wp\/v2\/users\/1"}],"replies":[{"embeddable":true,"href":"https:\/\/binational-bs.ch\/es\/wp-json\/wp\/v2\/comments?post=879"}],"version-history":[{"count":2,"href":"https:\/\/binational-bs.ch\/es\/wp-json\/wp\/v2\/pages\/879\/revisions"}],"predecessor-version":[{"id":2704,"href":"https:\/\/binational-bs.ch\/es\/wp-json\/wp\/v2\/pages\/879\/revisions\/2704"}],"wp:attachment":[{"href":"https:\/\/binational-bs.ch\/es\/wp-json\/wp\/v2\/media?parent=879"}],"curies":[{"name":"wp","href":"https:\/\/api.w.org\/{rel}","templated":true}]}}