{"id":895,"date":"2022-11-13T09:14:23","date_gmt":"2022-11-13T08:14:23","guid":{"rendered":"https:\/\/binational-bs.ch\/?page_id=895"},"modified":"2024-10-28T10:12:17","modified_gmt":"2024-10-28T09:12:17","slug":"contacto","status":"publish","type":"page","link":"https:\/\/binational-bs.ch\/es\/contacto\/","title":{"rendered":"Contacto"},"content":{"rendered":"\n<div class=\"wp-block-group alignfull pics is-layout-flow wp-container-core-group-is-layout-820ac180 wp-block-group-is-layout-flow\" style=\"padding-top:0;padding-right:0;padding-bottom:0;padding-left:0\">\n<div class=\"wp-block-columns is-layout-flex wp-container-core-columns-is-layout-0239ddfa wp-block-columns-is-layout-flex\" style=\"padding-top:0;padding-right:0;padding-bottom:0;padding-left:0\">\n<div class=\"wp-block-column has-primary-background-color has-background is-layout-flow wp-block-column-is-layout-flow\">\n<div class=\"wp-block-cover is-light nomobile\" style=\"min-height:300px;aspect-ratio:unset;\"><span aria-hidden=\"true\" class=\"wp-block-cover__background has-background-dim-0 has-background-dim\"><\/span><img alt=\"\" loading=\"lazy\" decoding=\"async\" width=\"800\" height=\"600\" class=\"wp-block-cover__image-background wp-image-2082\" alt=\"\" src=\"https:\/\/binational-bs.ch\/wp-content\/uploads\/2022\/12\/insel-4-2.jpg\" data-object-fit=\"cover\" srcset=\"https:\/\/binational-bs.ch\/wp-content\/uploads\/2022\/12\/insel-4-2.jpg 800w, https:\/\/binational-bs.ch\/wp-content\/uploads\/2022\/12\/insel-4-2-500x375.jpg 500w, https:\/\/binational-bs.ch\/wp-content\/uploads\/2022\/12\/insel-4-2-768x576.jpg 768w\" sizes=\"auto, (max-width: 800px) 100vw, 800px\" \/><div class=\"wp-block-cover__inner-container is-layout-flow wp-block-cover-is-layout-flow\">\n<p class=\"has-text-align-center has-large-font-size\"><\/p>\n<\/div><\/div>\n<\/div>\n\n\n\n<div class=\"wp-block-column is-layout-flow wp-block-column-is-layout-flow\">\n<div class=\"wp-block-cover is-light\" style=\"min-height:300px;aspect-ratio:unset;\"><span aria-hidden=\"true\" class=\"wp-block-cover__background has-primary-background-color has-background-dim-0 has-background-dim\"><\/span><img alt=\"\" loading=\"lazy\" decoding=\"async\" width=\"2000\" height=\"1333\" class=\"wp-block-cover__image-background wp-image-529\" alt=\"\" src=\"https:\/\/binational-bs.ch\/wp-content\/uploads\/2022\/11\/photo-6-1.jpg\" data-object-fit=\"cover\" srcset=\"https:\/\/binational-bs.ch\/wp-content\/uploads\/2022\/11\/photo-6-1.jpg 2000w, https:\/\/binational-bs.ch\/wp-content\/uploads\/2022\/11\/photo-6-1-500x333.jpg 500w, https:\/\/binational-bs.ch\/wp-content\/uploads\/2022\/11\/photo-6-1-1024x682.jpg 1024w, https:\/\/binational-bs.ch\/wp-content\/uploads\/2022\/11\/photo-6-1-768x512.jpg 768w, https:\/\/binational-bs.ch\/wp-content\/uploads\/2022\/11\/photo-6-1-1536x1024.jpg 1536w, https:\/\/binational-bs.ch\/wp-content\/uploads\/2022\/11\/photo-6-1-600x400.jpg 600w, https:\/\/binational-bs.ch\/wp-content\/uploads\/2022\/11\/photo-6-1-938x625.jpg 938w, https:\/\/binational-bs.ch\/wp-content\/uploads\/2022\/11\/photo-6-1-1130x753.jpg 1130w\" sizes=\"auto, (max-width: 2000px) 100vw, 2000px\" \/><div class=\"wp-block-cover__inner-container is-layout-flow wp-block-cover-is-layout-flow\">\n<h1 class=\"wp-block-heading has-text-align-center has-background-color has-text-color\">Contacto<\/h1>\n<\/div><\/div>\n<\/div>\n\n\n\n<div class=\"wp-block-column has-secondary-background-color has-background is-layout-flow wp-block-column-is-layout-flow\">\n<div class=\"wp-block-cover nomobile\" style=\"min-height:300px;aspect-ratio:unset;\"><span aria-hidden=\"true\" class=\"wp-block-cover__background has-background-dim-0 has-background-dim\"><\/span><img alt=\"\" loading=\"lazy\" decoding=\"async\" width=\"2000\" height=\"1333\" class=\"wp-block-cover__image-background wp-image-1069\" alt=\"\" src=\"https:\/\/binational-bs.ch\/wp-content\/uploads\/2022\/12\/3.jpg\" data-object-fit=\"cover\" srcset=\"https:\/\/binational-bs.ch\/wp-content\/uploads\/2022\/12\/3.jpg 2000w, https:\/\/binational-bs.ch\/wp-content\/uploads\/2022\/12\/3-500x333.jpg 500w, https:\/\/binational-bs.ch\/wp-content\/uploads\/2022\/12\/3-1024x682.jpg 1024w, https:\/\/binational-bs.ch\/wp-content\/uploads\/2022\/12\/3-768x512.jpg 768w, https:\/\/binational-bs.ch\/wp-content\/uploads\/2022\/12\/3-1536x1024.jpg 1536w, https:\/\/binational-bs.ch\/wp-content\/uploads\/2022\/12\/3-600x400.jpg 600w, https:\/\/binational-bs.ch\/wp-content\/uploads\/2022\/12\/3-938x625.jpg 938w, https:\/\/binational-bs.ch\/wp-content\/uploads\/2022\/12\/3-1130x753.jpg 1130w\" sizes=\"auto, (max-width: 2000px) 100vw, 2000px\" \/><div class=\"wp-block-cover__inner-container is-layout-flow wp-block-cover-is-layout-flow\">\n<p class=\"has-text-align-center has-large-font-size\"><\/p>\n<\/div><\/div>\n<\/div>\n<\/div>\n<\/div>\n\n\n\n<div class=\"wp-block-group alignfull is-layout-constrained wp-container-core-group-is-layout-9898dd86 wp-block-group-is-layout-constrained\" style=\"padding-top:var(--wp--preset--spacing--80);padding-right:var(--wp--preset--spacing--40);padding-bottom:var(--wp--preset--spacing--70);padding-left:var(--wp--preset--spacing--40)\">\n<div class=\"wp-block-columns alignwide is-layout-flex wp-container-core-columns-is-layout-66fad18a wp-block-columns-is-layout-flex\">\n<div class=\"wp-block-column is-layout-flow wp-block-column-is-layout-flow\" style=\"padding-top:var(--wp--preset--spacing--40);flex-basis:53%\">\n<h3 class=\"wp-block-heading\"><strong>Centro de asesoramiento para parejas y familias binacionale<\/strong>s<\/h3>\n\n\n\n<p>Steinengraben 71<br>4051 Basel<br>Tel\u00e9fono: 061 271 33 49<br><a href=\"mailto: info@binational-bs.ch\">info@binational-bs.ch<\/a><\/p>\n\n\n\n<hr class=\"wp-block-separator has-text-color has-tertiary-color has-alpha-channel-opacity has-tertiary-background-color has-background\"\/>\n\n\n\n<p><strong><strong>Horario de atenci\u00f3n<\/strong>:<\/strong><br>Martes, mi\u00e9rcoles y jueves de 8.15-11.45h o con cita previa en caso de preferir otro horario.<\/p>\n\n\n\n<p>Por favor contactarnos telef\u00f3nicamente para solicitar una consulta personal.<\/p>\n\n\n\n<hr class=\"wp-block-separator has-text-color has-tertiary-color has-alpha-channel-opacity has-tertiary-background-color has-background\"\/>\n\n\n\n<p>Tarifas de nuestros servicios:<br>Una consulta telef\u00f3nica breve es gratuita.<br>Una consulta &nbsp;personal en nuestro centro o por Zoom o WhatsApp tiene un precio de CHF100.- para residentes en Basilea-Ciudad o en Basilea-Campo. Para residentes de otros cantones el precio es de Fr. 150.-<\/p>\n\n\n\n<p>En casos especiales como consultas telef\u00f3nicas m\u00e1s largas o consultas detalladas por correo, el precio ser\u00e1 de Fr. 60.-<\/p>\n<\/div>\n\n\n\n<div class=\"wp-block-column has-background-color has-primary-background-color has-text-color has-background has-link-color wp-elements-0f1beab10f7174e62fc217681c8a1f18 is-layout-flow wp-block-column-is-layout-flow\" style=\"padding-top:var(--wp--preset--spacing--50);padding-right:var(--wp--preset--spacing--50);padding-bottom:var(--wp--preset--spacing--50);padding-left:var(--wp--preset--spacing--50)\">\n<figure class=\"wp-block-image\"><img alt=\"\" loading=\"lazy\" decoding=\"async\" width=\"450\" height=\"441\" src=\"https:\/\/binational-bs.ch\/wp-content\/uploads\/2022\/11\/karte.jpg\" alt=\"\" class=\"wp-image-537\"\/><\/figure>\n\n\n\n<p><a href=\"http:\/\/www.mybasel.ch\/verkehr_stadtplan_karte.cfm?OID=Strassen,4772&amp;Nummer=69&amp;Zoom=1000&amp;Type=regular\" target=\"_blank\" rel=\"noreferrer noopener\"><\/a><a href=\"http:\/\/www.mybasel.ch\/verkehr_stadtplan_karte.cfm?OID=Strassen,4772&amp;Nummer=71&amp;Zoom=1000&amp;Type=regular\" target=\"_blank\" rel=\"noreferrer noopener\">Haga clic aqu\u00ed para conocer nuestra ubicaci\u00f3n en el mapa de la ciudad de Basilea<\/a> \u2192<\/p>\n<\/div>\n<\/div>\n<\/div>\n","protected":false},"excerpt":{"rendered":"<p>Centro de asesoramiento para parejas y familias binacionales Steinengraben 714051 BaselTel\u00e9fono: 061 271 33 49info@binational-bs.ch Horario de atenci\u00f3n:Martes, mi\u00e9rcoles y jueves de 8.15-11.45h o con [&hellip;]<\/p>\n","protected":false},"author":1,"featured_media":0,"parent":0,"menu_order":0,"comment_status":"closed","ping_status":"closed","template":"","meta":{"_seopress_robots_primary_cat":"","_seopress_titles_title":"","_seopress_titles_desc":"","_seopress_robots_index":"","footnotes":""},"class_list":["post-895","page","type-page","status-publish","hentry"],"_links":{"self":[{"href":"https:\/\/binational-bs.ch\/es\/wp-json\/wp\/v2\/pages\/895","targetHints":{"allow":["GET"]}}],"collection":[{"href":"https:\/\/binational-bs.ch\/es\/wp-json\/wp\/v2\/pages"}],"about":[{"href":"https:\/\/binational-bs.ch\/es\/wp-json\/wp\/v2\/types\/page"}],"author":[{"embeddable":true,"href":"https:\/\/binational-bs.ch\/es\/wp-json\/wp\/v2\/users\/1"}],"replies":[{"embeddable":true,"href":"https:\/\/binational-bs.ch\/es\/wp-json\/wp\/v2\/comments?post=895"}],"version-history":[{"count":3,"href":"https:\/\/binational-bs.ch\/es\/wp-json\/wp\/v2\/pages\/895\/revisions"}],"predecessor-version":[{"id":2718,"href":"https:\/\/binational-bs.ch\/es\/wp-json\/wp\/v2\/pages\/895\/revisions\/2718"}],"wp:attachment":[{"href":"https:\/\/binational-bs.ch\/es\/wp-json\/wp\/v2\/media?parent=895"}],"curies":[{"name":"wp","href":"https:\/\/api.w.org\/{rel}","templated":true}]}}