{"id":94,"date":"2022-11-13T09:13:39","date_gmt":"2022-11-13T08:13:39","guid":{"rendered":"https:\/\/binational-bs.ch\/?page_id=94"},"modified":"2024-09-27T10:21:20","modified_gmt":"2024-09-27T08:21:20","slug":"quines-somos","status":"publish","type":"page","link":"https:\/\/binational-bs.ch\/es\/quines-somos\/","title":{"rendered":"Qui\u00e9nes somos"},"content":{"rendered":"\n<div class=\"wp-block-group alignfull pics is-layout-flow wp-block-group-is-layout-flow\" style=\"margin-bottom:var(--wp--preset--spacing--80)\">\n<div class=\"wp-block-columns is-layout-flex wp-container-core-columns-is-layout-28f84493 wp-block-columns-is-layout-flex\">\n<div class=\"wp-block-column is-layout-flow wp-block-column-is-layout-flow\">\n<div class=\"wp-block-cover nomobile\" style=\"min-height:300px;aspect-ratio:unset;\"><span aria-hidden=\"true\" class=\"wp-block-cover__background has-background-dim-0 has-background-dim\"><\/span><img alt=\"\" loading=\"lazy\" decoding=\"async\" width=\"800\" height=\"800\" class=\"wp-block-cover__image-background wp-image-1112\" alt=\"\" src=\"https:\/\/binational-bs.ch\/wp-content\/uploads\/2022\/12\/love.jpg\" data-object-fit=\"cover\" srcset=\"https:\/\/binational-bs.ch\/wp-content\/uploads\/2022\/12\/love.jpg 800w, https:\/\/binational-bs.ch\/wp-content\/uploads\/2022\/12\/love-300x300.jpg 300w, https:\/\/binational-bs.ch\/wp-content\/uploads\/2022\/12\/love-150x150.jpg 150w, https:\/\/binational-bs.ch\/wp-content\/uploads\/2022\/12\/love-768x768.jpg 768w\" sizes=\"auto, (max-width: 800px) 100vw, 800px\" \/><div class=\"wp-block-cover__inner-container is-layout-flow wp-block-cover-is-layout-flow\">\n<p class=\"has-text-align-center has-large-font-size\"><\/p>\n<\/div><\/div>\n<\/div>\n\n\n\n<div class=\"wp-block-column is-layout-flow wp-block-column-is-layout-flow\">\n<div class=\"wp-block-cover\" style=\"min-height:300px;aspect-ratio:unset;\"><span aria-hidden=\"true\" class=\"wp-block-cover__background has-background-dim-0 has-background-dim\"><\/span><img alt=\"\" decoding=\"async\" class=\"wp-block-cover__image-background wp-image-1978\" alt=\"\" src=\"https:\/\/binational-bs.ch\/wp-content\/uploads\/2022\/12\/insel-3.jpg\" data-object-fit=\"cover\"\/><div class=\"wp-block-cover__inner-container is-layout-flow wp-block-cover-is-layout-flow\">\n<h1 class=\"wp-block-heading has-text-align-center has-background-color has-text-color\">Qui\u00e9nes somos<\/h1>\n<\/div><\/div>\n<\/div>\n\n\n\n<div class=\"wp-block-column has-primary-background-color has-background is-layout-flow wp-block-column-is-layout-flow\">\n<div class=\"wp-block-cover is-light nomobile\" style=\"min-height:300px;aspect-ratio:unset;\"><span aria-hidden=\"true\" class=\"wp-block-cover__background has-background-dim-0 has-background-dim\"><\/span><img alt=\"\" decoding=\"async\" class=\"wp-block-cover__image-background wp-image-1940\" alt=\"\" src=\"https:\/\/binational-bs.ch\/wp-content\/uploads\/2022\/12\/paar-1.jpg\" style=\"object-position:51% 50%\" data-object-fit=\"cover\" data-object-position=\"51% 50%\"\/><div class=\"wp-block-cover__inner-container is-layout-flow wp-block-cover-is-layout-flow\">\n<p class=\"has-text-align-center has-large-font-size\"><\/p>\n<\/div><\/div>\n<\/div>\n<\/div>\n<\/div>\n\n\n\n<p>El centro de asesoramiento para parejas y familias binacionales es una oferta para suizos y extranjeros que viven en una relaci\u00f3n&nbsp;transcultural,&nbsp;binacional,&nbsp;entre dos religiones&nbsp;o&nbsp;que&nbsp;se ven afectados por ello.<\/p>\n\n\n\n<p>Fundado en 1970, el centro de asesoramiento ha crecido en importancia a lo largo del tiempo en consonancia con la globalizaci\u00f3n; hoy en d\u00eda, \u00a1m\u00e1s de un tercio de los matrimonios en Suiza son binacionales!<\/p>\n\n\n\n<p>Gracias a su experiencia y a los contactos que ha ido acumulando a lo largo de los a\u00f1os, el centro de asesoramiento es el punto de contacto para quienes buscan consejo en la regi\u00f3n de Basilea sobre las diversas cuestiones de una uni\u00f3n binacional. Asesora a las parejas binacionales en cuestiones legales e interculturales y ofrece apoyo psicol\u00f3gico y pedag\u00f3gico para problemas de integraci\u00f3n, relaci\u00f3n o educaci\u00f3n. El centro de asesoramiento trabaja de forma confidencial y es neutral desde el punto de vista confesional y pol\u00edtico.<\/p>\n\n\n\n<p>El centro de asesoramiento tambi\u00e9n est\u00e1 dispuesto a apoyar a las parejas&nbsp;mononacionales&nbsp;si la capacidad del personal lo permite.<\/p>\n\n\n\n<div style=\"height:60px\" aria-hidden=\"true\" class=\"wp-block-spacer\"><\/div>\n\n\n\n<div class=\"wp-block-group alignwide is-layout-constrained wp-container-core-group-is-layout-4190b2cc wp-block-group-is-layout-constrained\" style=\"padding-top:var(--wp--preset--spacing--70);padding-bottom:var(--wp--preset--spacing--70)\">\n<h1 class=\"wp-block-heading\">Team<\/h1>\n\n\n\n<hr class=\"wp-block-separator has-text-color has-tertiary-color has-alpha-channel-opacity has-tertiary-background-color has-background is-style-default\" style=\"margin-bottom:var(--wp--preset--spacing--70)\"\/>\n\n\n\n<div class=\"wp-block-columns is-layout-flex wp-container-core-columns-is-layout-cf05694f wp-block-columns-is-layout-flex\">\n<div class=\"wp-block-column is-layout-flow wp-block-column-is-layout-flow\">\n<div class=\"wp-block-columns is-layout-flex wp-container-core-columns-is-layout-28f84493 wp-block-columns-is-layout-flex\">\n<div class=\"wp-block-column is-layout-flow wp-block-column-is-layout-flow\" style=\"flex-basis:150px\">\n<figure class=\"wp-block-image size-full is-resized\"><img loading=\"lazy\" decoding=\"async\" width=\"353\" height=\"459\" src=\"https:\/\/binational-bs.ch\/wp-content\/uploads\/2024\/03\/rebekka-utzinger.jpg\" alt=\"Dr. iur. Rebekka Utzinger\" class=\"wp-image-2489\" style=\"aspect-ratio:3\/4;object-fit:cover;width:auto;height:186px\"\/><\/figure>\n<\/div>\n\n\n\n<div class=\"wp-block-column is-vertically-aligned-top is-layout-flow wp-block-column-is-layout-flow\">\n<p><strong>Dr. iur. Rebekka Utzinger<\/strong><br>Leitung der Beratungsstelle, Juristische Beratung, Paar- und Familienberatung, Mediation, Coaching<\/p>\n<\/div>\n<\/div>\n<\/div>\n\n\n\n<div class=\"wp-block-column is-layout-flow wp-block-column-is-layout-flow\">\n<div class=\"wp-block-columns is-layout-flex wp-container-core-columns-is-layout-28f84493 wp-block-columns-is-layout-flex\">\n<div class=\"wp-block-column is-layout-flow wp-block-column-is-layout-flow\" style=\"flex-basis:150px\">\n<figure class=\"wp-block-image size-full is-resized\"><img loading=\"lazy\" decoding=\"async\" width=\"188\" height=\"245\" src=\"https:\/\/binational-bs.ch\/wp-content\/uploads\/2024\/03\/muriel-deweck.jpg\" alt=\"Mariel de Weck-Yomha, lic.phil.\" class=\"wp-image-2494\" style=\"aspect-ratio:3\/4;object-fit:cover;width:auto;height:186px\"\/><\/figure>\n<\/div>\n\n\n\n<div class=\"wp-block-column is-layout-flow wp-block-column-is-layout-flow\">\n<p><strong>Mariel de Weck-Yomha, lic.phil.<\/strong><br>Psychotherapeutin, Paar- und Familienberatung, Coaching<\/p>\n<\/div>\n<\/div>\n<\/div>\n<\/div>\n\n\n\n<div class=\"wp-block-columns is-layout-flex wp-container-core-columns-is-layout-cf05694f wp-block-columns-is-layout-flex\">\n<div class=\"wp-block-column is-layout-flow wp-block-column-is-layout-flow\">\n<div class=\"wp-block-columns is-layout-flex wp-container-core-columns-is-layout-28f84493 wp-block-columns-is-layout-flex\">\n<div class=\"wp-block-column is-layout-flow wp-block-column-is-layout-flow\" style=\"flex-basis:150px\">\n<figure class=\"wp-block-image size-full is-resized\"><img loading=\"lazy\" decoding=\"async\" width=\"159\" height=\"186\" src=\"https:\/\/binational-bs.ch\/wp-content\/uploads\/2024\/03\/laura-simone.jpg\" alt=\"Laura Edith Simone-Szuldman, lic. psych., Master in Sozialer Arbeit FHNW\" class=\"wp-image-2499\" style=\"aspect-ratio:3\/4;object-fit:cover;width:auto;height:186px\"\/><\/figure>\n<\/div>\n\n\n\n<div class=\"wp-block-column is-layout-flow wp-block-column-is-layout-flow\">\n<p><strong>Laura Edith Simone-Szuldman, lic. psych., Master in Sozialer Arbeit FHNW<\/strong><br>Psychologin, Paar- und Familienberatung&nbsp;<\/p>\n<\/div>\n<\/div>\n<\/div>\n\n\n\n<div class=\"wp-block-column is-layout-flow wp-block-column-is-layout-flow\">\n<div class=\"wp-block-columns is-layout-flex wp-container-core-columns-is-layout-28f84493 wp-block-columns-is-layout-flex\">\n<div class=\"wp-block-column is-layout-flow wp-block-column-is-layout-flow\" style=\"flex-basis:150px\">\n<figure class=\"wp-block-image size-large is-resized\"><img loading=\"lazy\" decoding=\"async\" width=\"782\" height=\"1024\" src=\"https:\/\/binational-bs.ch\/wp-content\/uploads\/2024\/03\/liliane-chavanne-782x1024.jpg\" alt=\"Liliane Chavanne, Sozialarbeiterin und Betriebs\u00f6konomin FHNW\" class=\"wp-image-2504\" style=\"width:auto;height:186px\" srcset=\"https:\/\/binational-bs.ch\/wp-content\/uploads\/2024\/03\/liliane-chavanne-782x1024.jpg 782w, https:\/\/binational-bs.ch\/wp-content\/uploads\/2024\/03\/liliane-chavanne-382x500.jpg 382w, https:\/\/binational-bs.ch\/wp-content\/uploads\/2024\/03\/liliane-chavanne-768x1006.jpg 768w, https:\/\/binational-bs.ch\/wp-content\/uploads\/2024\/03\/liliane-chavanne-1173x1536.jpg 1173w, https:\/\/binational-bs.ch\/wp-content\/uploads\/2024\/03\/liliane-chavanne-1564x2048.jpg 1564w, https:\/\/binational-bs.ch\/wp-content\/uploads\/2024\/03\/liliane-chavanne.jpg 1618w\" sizes=\"auto, (max-width: 782px) 100vw, 782px\" \/><\/figure>\n<\/div>\n\n\n\n<div class=\"wp-block-column is-layout-flow wp-block-column-is-layout-flow\">\n<p><strong>Liliane Chavanne, Sozialarbeiterin und Betriebs\u00f6konomin FHNW<\/strong><br>Projekt Integration nach Mass<\/p>\n<\/div>\n<\/div>\n<\/div>\n<\/div>\n\n\n\n<div style=\"height:24px\" aria-hidden=\"true\" class=\"wp-block-spacer\"><\/div>\n\n\n\n<hr class=\"wp-block-separator has-text-color has-tertiary-color has-alpha-channel-opacity has-tertiary-background-color has-background is-style-default\"\/>\n<\/div>\n\n\n\n<p class=\"has-text-align-center\">El centro de asesoramiente es neutral desde el punot de vista religioso y politico.<br>Los asesores estan sujetos al secreto profesional.<\/p>\n\n\n\n<div style=\"height:20px\" aria-hidden=\"true\" class=\"wp-block-spacer\"><\/div>\n\n\n\n<div class=\"wp-block-buttons is-content-justification-center is-layout-flex wp-container-core-buttons-is-layout-a89b3969 wp-block-buttons-is-layout-flex\">\n<div class=\"wp-block-button has-custom-font-size has-medium-font-size\"><a class=\"wp-block-button__link wp-element-button\" href=\"mailto:info@binational-bs.ch\" style=\"border-radius:5px;padding-right:var(--wp--preset--spacing--70);padding-left:var(--wp--preset--spacing--70)\">Contacto<\/a><\/div>\n<\/div>\n\n\n\n<div style=\"height:20px\" aria-hidden=\"true\" class=\"wp-block-spacer\"><\/div>\n\n\n\n<div class=\"wp-block-group is-layout-constrained wp-container-core-group-is-layout-0706528e wp-block-group-is-layout-constrained\" style=\"padding-top:var(--wp--preset--spacing--60);padding-bottom:var(--wp--preset--spacing--60)\">\n<figure class=\"wp-block-image size-large\"><img alt=\"\" loading=\"lazy\" decoding=\"async\" width=\"1024\" height=\"961\" src=\"https:\/\/binational-bs.ch\/wp-content\/uploads\/2024\/09\/buero-1024x961.jpg\" alt=\"\" class=\"wp-image-2584\" srcset=\"https:\/\/binational-bs.ch\/wp-content\/uploads\/2024\/09\/buero-1024x961.jpg 1024w, https:\/\/binational-bs.ch\/wp-content\/uploads\/2024\/09\/buero-500x469.jpg 500w, https:\/\/binational-bs.ch\/wp-content\/uploads\/2024\/09\/buero-768x720.jpg 768w, https:\/\/binational-bs.ch\/wp-content\/uploads\/2024\/09\/buero-1536x1441.jpg 1536w, https:\/\/binational-bs.ch\/wp-content\/uploads\/2024\/09\/buero.jpg 1920w\" sizes=\"auto, (max-width: 1024px) 100vw, 1024px\" \/><\/figure>\n<\/div>\n","protected":false},"excerpt":{"rendered":"<p>El centro de asesoramiento para parejas y familias binacionales es una oferta para suizos y extranjeros que viven en una relaci\u00f3n&nbsp;transcultural,&nbsp;binacional,&nbsp;entre dos religiones&nbsp;o&nbsp;que&nbsp;se ven afectados [&hellip;]<\/p>\n","protected":false},"author":1,"featured_media":0,"parent":0,"menu_order":0,"comment_status":"closed","ping_status":"closed","template":"","meta":{"_seopress_robots_primary_cat":"","_seopress_titles_title":"","_seopress_titles_desc":"","_seopress_robots_index":"","footnotes":""},"class_list":["post-94","page","type-page","status-publish","hentry"],"_links":{"self":[{"href":"https:\/\/binational-bs.ch\/es\/wp-json\/wp\/v2\/pages\/94","targetHints":{"allow":["GET"]}}],"collection":[{"href":"https:\/\/binational-bs.ch\/es\/wp-json\/wp\/v2\/pages"}],"about":[{"href":"https:\/\/binational-bs.ch\/es\/wp-json\/wp\/v2\/types\/page"}],"author":[{"embeddable":true,"href":"https:\/\/binational-bs.ch\/es\/wp-json\/wp\/v2\/users\/1"}],"replies":[{"embeddable":true,"href":"https:\/\/binational-bs.ch\/es\/wp-json\/wp\/v2\/comments?post=94"}],"version-history":[{"count":10,"href":"https:\/\/binational-bs.ch\/es\/wp-json\/wp\/v2\/pages\/94\/revisions"}],"predecessor-version":[{"id":2706,"href":"https:\/\/binational-bs.ch\/es\/wp-json\/wp\/v2\/pages\/94\/revisions\/2706"}],"wp:attachment":[{"href":"https:\/\/binational-bs.ch\/es\/wp-json\/wp\/v2\/media?parent=94"}],"curies":[{"name":"wp","href":"https:\/\/api.w.org\/{rel}","templated":true}]}}