{"id":1250,"date":"2022-12-05T10:22:26","date_gmt":"2022-12-05T09:22:26","guid":{"rendered":"https:\/\/binational-bs.ch\/start5\/"},"modified":"2024-01-11T12:56:01","modified_gmt":"2024-01-11T11:56:01","slug":"start5","status":"publish","type":"page","link":"https:\/\/binational-bs.ch\/fr\/","title":{"rendered":"startseite"},"content":{"rendered":"\n<div class=\"wp-block-getwid-content-slider alignfull has-arrows-none has-dots-inside\" data-autoplay=\"true\" data-autoplay-speed=\"5000\" data-animation-speed=\"1200\" data-infinite=\"true\" data-effect=\"fade\" data-arrows=\"none\"><div class=\"wp-block-getwid-content-slider__wrapper\">\n<div class=\"wp-block-getwid-content-slider-slide\"><div class=\"wp-block-getwid-content-slider-slide__wrapper\">\n<div class=\"wp-block-cover alignfull is-light\" style=\"margin-top:0;margin-bottom:0;padding-left:0;min-height:65vh;aspect-ratio:unset;\"><span aria-hidden=\"true\" class=\"wp-block-cover__background has-foreground-background-color has-background-dim-10 has-background-dim\"><\/span><img alt=\"\" loading=\"lazy\" decoding=\"async\" width=\"1920\" height=\"1050\" class=\"wp-block-cover__image-background wp-image-1133\" alt=\"\" src=\"https:\/\/binational-bs.ch\/wp-content\/uploads\/2022\/12\/7-e1674215791112.jpg\" style=\"object-position:30% 70%\" data-object-fit=\"cover\" data-object-position=\"30% 70%\" srcset=\"https:\/\/binational-bs.ch\/wp-content\/uploads\/2022\/12\/7-e1674215791112.jpg 1920w, https:\/\/binational-bs.ch\/wp-content\/uploads\/2022\/12\/7-e1674215791112-500x273.jpg 500w, https:\/\/binational-bs.ch\/wp-content\/uploads\/2022\/12\/7-e1674215791112-1024x560.jpg 1024w, https:\/\/binational-bs.ch\/wp-content\/uploads\/2022\/12\/7-e1674215791112-768x420.jpg 768w, https:\/\/binational-bs.ch\/wp-content\/uploads\/2022\/12\/7-e1674215791112-1536x840.jpg 1536w\" sizes=\"auto, (max-width: 1920px) 100vw, 1920px\" \/><div class=\"wp-block-cover__inner-container is-layout-flow wp-block-cover-is-layout-flow\">\n<div class=\"wp-block-getwid-section getwid-anim fadeIn getwid-section-content-custom-width\" style=\"margin-top:7px;margin-bottom:95px\" data-wow-duration=\"2000ms\" data-wow-delay=\"500ms\"><div class=\"wp-block-getwid-section__wrapper getwid-align-items-flex-end\" style=\"min-height:100%;padding-top:18px;padding-bottom:66px\"><div class=\"wp-block-getwid-section__inner-wrapper\" style=\"max-width:1029px\"><div class=\"wp-block-getwid-section__background-holder\"><div class=\"wp-block-getwid-section__background\"><\/div><div class=\"wp-block-getwid-section__foreground\"><\/div><\/div><div class=\"wp-block-getwid-section__content\"><div class=\"wp-block-getwid-section__inner-content\">\n<p class=\"has-text-align-center wir has-background-color has-text-color has-gilda-display-font-family\" style=\"font-size:46px\"><\/p>\n<\/div><\/div><\/div><\/div><\/div>\n<\/div><\/div>\n<\/div><\/div>\n\n\n\n<div class=\"wp-block-getwid-content-slider-slide\"><div class=\"wp-block-getwid-content-slider-slide__wrapper\">\n<div class=\"wp-block-cover alignfull\" style=\"margin-top:0;margin-bottom:0;padding-left:0;min-height:65vh;aspect-ratio:unset;\"><span aria-hidden=\"true\" class=\"wp-block-cover__background has-foreground-background-color has-background-dim-10 has-background-dim\"><\/span><img alt=\"\" loading=\"lazy\" decoding=\"async\" width=\"2000\" height=\"1333\" class=\"wp-block-cover__image-background wp-image-1078\" alt=\"\" src=\"https:\/\/binational-bs.ch\/wp-content\/uploads\/2022\/12\/1.jpg\" data-object-fit=\"cover\" srcset=\"https:\/\/binational-bs.ch\/wp-content\/uploads\/2022\/12\/1.jpg 2000w, https:\/\/binational-bs.ch\/wp-content\/uploads\/2022\/12\/1-500x333.jpg 500w, https:\/\/binational-bs.ch\/wp-content\/uploads\/2022\/12\/1-1024x682.jpg 1024w, https:\/\/binational-bs.ch\/wp-content\/uploads\/2022\/12\/1-768x512.jpg 768w, https:\/\/binational-bs.ch\/wp-content\/uploads\/2022\/12\/1-1536x1024.jpg 1536w, https:\/\/binational-bs.ch\/wp-content\/uploads\/2022\/12\/1-600x400.jpg 600w, https:\/\/binational-bs.ch\/wp-content\/uploads\/2022\/12\/1-938x625.jpg 938w, https:\/\/binational-bs.ch\/wp-content\/uploads\/2022\/12\/1-1130x753.jpg 1130w\" sizes=\"auto, (max-width: 2000px) 100vw, 2000px\" \/><div class=\"wp-block-cover__inner-container is-layout-flow wp-block-cover-is-layout-flow\">\n<div class=\"wp-block-getwid-section getwid-section-content-custom-width\" style=\"margin-top:7px;margin-bottom:95px\"><div class=\"wp-block-getwid-section__wrapper getwid-align-items-flex-end\" style=\"min-height:100%;padding-top:18px;padding-bottom:66px\"><div class=\"wp-block-getwid-section__inner-wrapper\" style=\"max-width:1029px\"><div class=\"wp-block-getwid-section__background-holder\"><div class=\"wp-block-getwid-section__background\"><\/div><div class=\"wp-block-getwid-section__foreground\"><\/div><\/div><div class=\"wp-block-getwid-section__content\"><div class=\"wp-block-getwid-section__inner-content\">\n<p class=\"has-text-align-center wir has-background-color has-text-color has-gilda-display-font-family\" style=\"font-size:46px\"><\/p>\n<\/div><\/div><\/div><\/div><\/div>\n<\/div><\/div>\n<\/div><\/div>\n<\/div><\/div>\n\n\n\n<div class=\"wp-block-group alignwide intro has-background-background-color has-background is-layout-constrained wp-block-group-is-layout-constrained\">\n<div class=\"wp-block-columns alignfull is-layout-flex wp-container-core-columns-is-layout-28f84493 wp-block-columns-is-layout-flex\">\n<div class=\"wp-block-column is-layout-flow wp-block-column-is-layout-flow\" style=\"flex-basis:50%\">\n<h2 class=\"wp-block-heading introtitel\">Le centre de conseil pour couples et familles binationaux<\/h2>\n\n\n\n<p class=\"has-medium-font-size\">est une offre destin\u00e9e aux Suisses\/Suissesses et aux \u00e9trangers et \u00e9trang\u00e8res qui vivent dans une relation binationale, bi-religieuse, transculturelle ou qui sont concern\u00e9s par celle-ci.<\/p>\n\n\n\n<p class=\"has-medium-font-size\"><strong><a href=\"https:\/\/binational-bs.ch\/fr\/portrait\/\" data-type=\"page\" data-id=\"90\">Lire la suite \u279d<\/a><\/strong><\/p>\n<\/div>\n\n\n\n<div class=\"wp-block-column is-layout-flow wp-block-column-is-layout-flow\" style=\"flex-basis:50%\">\n<figure class=\"wp-block-image size-full\"><img loading=\"lazy\" decoding=\"async\" width=\"600\" height=\"600\" src=\"https:\/\/binational-bs.ch\/wp-content\/uploads\/2022\/11\/familie-1-2-edited.jpg\" alt=\"Die Beratungsstelle f\u00fcr binationale Paare und Familien\" class=\"wp-image-330\" srcset=\"https:\/\/binational-bs.ch\/wp-content\/uploads\/2022\/11\/familie-1-2-edited.jpg 600w, https:\/\/binational-bs.ch\/wp-content\/uploads\/2022\/11\/familie-1-2-edited-500x500.jpg 500w\" sizes=\"auto, (max-width: 600px) 100vw, 600px\" \/><\/figure>\n<\/div>\n<\/div>\n<\/div>\n\n\n\n<div style=\"height:20px\" aria-hidden=\"true\" class=\"wp-block-spacer\"><\/div>\n\n\n\n<div class=\"wp-block-cover alignfull has-parallax\" style=\"padding-top:var(--wp--preset--spacing--70);padding-bottom:var(--wp--preset--spacing--50)\"><span aria-hidden=\"true\" class=\"wp-block-cover__background has-background-dim-20 has-background-dim\"><\/span><div role=\"img\" class=\"wp-block-cover__image-background wp-image-79 has-parallax\" style=\"background-position:50% 50%;background-image:url(https:\/\/binational-bs.ch\/wp-content\/uploads\/2022\/11\/photo-3.jpg)\"><\/div><div class=\"wp-block-cover__inner-container is-layout-flow wp-block-cover-is-layout-flow\">\n<div class=\"wp-block-group is-layout-constrained wp-container-core-group-is-layout-92ef7b19 wp-block-group-is-layout-constrained\">\n<p class=\"has-text-align-center has-background-color has-text-color has-medium-font-size\">L\u2019agence de consultation exploite, ensemble avec les agences de consultation \u00e0 Berne, Lausanne, Luzern et Zurich, un site Web contenant les informations les plus importantes au sujet du partenariat et du mariage binational:<\/p>\n\n\n\n<div class=\"wp-block-getwid-advanced-spacer\" style=\"height:20px\" aria-hidden=\"true\"><\/div>\n\n\n\n<div class=\"wp-block-buttons is-content-justification-center is-layout-flex wp-container-core-buttons-is-layout-a89b3969 wp-block-buttons-is-layout-flex\">\n<div class=\"wp-block-button is-style-outline is-style-outline--1\"><a class=\"wp-block-button__link has-background-color has-text-color wp-element-button\" href=\"https:\/\/www.binational.ch\" style=\"padding-top:var(--wp--preset--spacing--50);padding-right:var(--wp--preset--spacing--50);padding-bottom:var(--wp--preset--spacing--50);padding-left:var(--wp--preset--spacing--50)\" target=\"_blank\" rel=\"noreferrer noopener\"><strong>www.binational.ch<\/strong> \u279d<\/a><\/div>\n<\/div>\n<\/div>\n<\/div><\/div>\n\n\n\n<div style=\"height:40px\" aria-hidden=\"true\" class=\"wp-block-spacer\"><\/div>\n\n\n\n<div class=\"wp-block-group alignfull is-layout-constrained wp-container-core-group-is-layout-1677e75c wp-block-group-is-layout-constrained\" style=\"padding-top:var(--wp--preset--spacing--80);padding-bottom:var(--wp--preset--spacing--70)\">\n<div class=\"wp-block-group is-layout-flow wp-block-group-is-layout-flow\">\n<p class=\"has-text-align-center has-medium-font-size\">Le centre de conseil est financ\u00e9 par le&nbsp;<strong>Verein Beratungsstelle f\u00fcr binationale Paare und Familien<\/strong>, par des dons et des frais de conseil. L&#8217;association a re\u00e7u des contributions consid\u00e9rables de :<\/p>\n<\/div>\n\n\n\n<div style=\"height:30px\" aria-hidden=\"true\" class=\"wp-block-spacer\"><\/div>\n\n\n\n<div class=\"wp-block-columns logos is-layout-flex wp-container-core-columns-is-layout-656f24fc wp-block-columns-is-layout-flex\" style=\"padding-top:0;padding-right:0;padding-bottom:0;padding-left:0\">\n<div class=\"wp-block-column is-vertically-aligned-center has-background-background-color has-background is-layout-flow wp-block-column-is-layout-flow\" style=\"padding-top:var(--wp--preset--spacing--20);padding-right:var(--wp--preset--spacing--40);padding-bottom:0;padding-left:var(--wp--preset--spacing--40)\">\n<p class=\"has-text-align-center has-gilda-display-font-family has-medium-font-size\">Thomi-Hopf-Stiftung<\/p>\n<\/div>\n\n\n\n<div class=\"wp-block-column is-vertically-aligned-center has-background-background-color has-background is-layout-flow wp-block-column-is-layout-flow\">\n<figure class=\"wp-block-image aligncenter size-full\"><img loading=\"lazy\" decoding=\"async\" width=\"251\" height=\"17\" src=\"https:\/\/binational-bs.ch\/wp-content\/uploads\/2022\/11\/ernst-goehner.png\" alt=\"Ernst G\u00f6hner Stiftung\" class=\"wp-image-142\"\/><\/figure>\n<\/div>\n\n\n\n<div class=\"wp-block-column is-vertically-aligned-center is-layout-flow wp-block-column-is-layout-flow\">\n<p class=\"has-text-align-center has-gilda-display-font-family has-medium-font-size\">Evangelisch-reformierte Kirche Basel-Land<\/p>\n<\/div>\n\n\n\n<div class=\"wp-block-column is-vertically-aligned-center has-background-background-color has-background is-layout-flow wp-block-column-is-layout-flow\" style=\"padding-top:var(--wp--preset--spacing--20);padding-right:var(--wp--preset--spacing--20);padding-bottom:var(--wp--preset--spacing--20);padding-left:var(--wp--preset--spacing--20)\">\n<figure class=\"wp-block-image aligncenter size-large is-resized\"><img alt=\"\" loading=\"lazy\" decoding=\"async\" width=\"1024\" height=\"466\" src=\"https:\/\/binational-bs.ch\/wp-content\/uploads\/2024\/07\/bgbasel_schwarz_zusatz1-1024x466.jpg\" alt=\"\" class=\"wp-image-2571\" style=\"width:257px;height:auto\" srcset=\"https:\/\/binational-bs.ch\/wp-content\/uploads\/2024\/07\/bgbasel_schwarz_zusatz1-1024x466.jpg 1024w, https:\/\/binational-bs.ch\/wp-content\/uploads\/2024\/07\/bgbasel_schwarz_zusatz1-500x227.jpg 500w, https:\/\/binational-bs.ch\/wp-content\/uploads\/2024\/07\/bgbasel_schwarz_zusatz1-768x349.jpg 768w, https:\/\/binational-bs.ch\/wp-content\/uploads\/2024\/07\/bgbasel_schwarz_zusatz1.jpg 1299w\" sizes=\"auto, (max-width: 1024px) 100vw, 1024px\" \/><\/figure>\n\n\n\n<p class=\"has-text-align-center has-gilda-display-font-family has-medium-font-size\">Georges Lichtenberg-Stiftung<\/p>\n<\/div>\n<\/div>\n\n\n\n<div class=\"wp-block-columns has-black-color has-text-color is-layout-flex wp-container-core-columns-is-layout-d8d85115 wp-block-columns-is-layout-flex\" style=\"margin-top:var(--wp--preset--spacing--60);padding-top:0;padding-right:0;padding-bottom:0;padding-left:0\">\n<div class=\"wp-block-column is-vertically-aligned-center has-background-background-color has-background is-layout-flow wp-block-column-is-layout-flow\" style=\"padding-top:var(--wp--preset--spacing--20);padding-right:var(--wp--preset--spacing--20);padding-bottom:var(--wp--preset--spacing--20);padding-left:var(--wp--preset--spacing--20)\">\n<p class=\"has-text-align-center has-gilda-display-font-family has-medium-font-size\">Max Geldner Stiftung<\/p>\n<\/div>\n\n\n\n<div class=\"wp-block-column is-vertically-aligned-top has-background-background-color has-background is-layout-flow wp-block-column-is-layout-flow\" style=\"padding-top:0;padding-right:0;padding-bottom:0;padding-left:0\">\n<figure class=\"wp-block-image aligncenter size-full is-resized\"><img loading=\"lazy\" decoding=\"async\" width=\"289\" height=\"258\" src=\"https:\/\/binational-bs.ch\/wp-content\/uploads\/2024\/01\/Logo_KIP_BL_RGB.jpg\" alt=\"Kantonales Integrationsprogramm Kanton Basel-Landschaft\" class=\"wp-image-2428\" style=\"width:150px\"\/><\/figure>\n<\/div>\n\n\n\n<div class=\"wp-block-column is-vertically-aligned-top has-background-background-color has-background is-layout-flow wp-block-column-is-layout-flow\" style=\"padding-top:0;padding-right:0;padding-bottom:0;padding-left:0\">\n<figure class=\"wp-block-image size-full is-resized\"><img loading=\"lazy\" decoding=\"async\" width=\"426\" height=\"387\" src=\"https:\/\/binational-bs.ch\/wp-content\/uploads\/2024\/01\/Logo_KIP_BS_RGB.jpg\" alt=\"Kantonales Integrationsprogramm Kanton Basel-Stadt\" class=\"wp-image-2433\" style=\"width:150px\"\/><\/figure>\n<\/div>\n\n\n\n<div class=\"wp-block-column is-vertically-aligned-center is-layout-flow wp-block-column-is-layout-flow\">\n<p class=\"has-text-align-center has-gilda-display-font-family has-medium-font-size\">Claire Sturzenegger-Jeanfavre Stiftung<\/p>\n<\/div>\n<\/div>\n\n\n\n<div style=\"height:20px\" aria-hidden=\"true\" class=\"wp-block-spacer\"><\/div>\n\n\n\n<div class=\"wp-block-getwid-section getwid-anim slideInUp getwid-section-content-custom-width\" data-wow-duration=\"1500ms\" data-wow-delay=\"200ms\"><div class=\"wp-block-getwid-section__wrapper\"><div class=\"wp-block-getwid-section__divider is-top-divider\"><svg style=\"height:1px\" x=\"0px\" y=\"0px\" viewBox=\"0 0 1000 100\" preserveAspectRatio=\"none\" class=\"wp-block-getwid-section__divider-svg\"><path fill=\"#34994C\" class=\"wp-block-getwid-section__divider-svg-fill\" opacity=\"0.5\" d=\"M0,6V0h1000v100L0,6z\"><\/path><path fill=\"#34994C\" class=\"wp-block-getwid-section__divider-svg-fill\" d=\"M1000,6V0H0v100L1000,6z\"><\/path><\/svg><\/div><div class=\"wp-block-getwid-section__inner-wrapper has-dividers-over\" style=\"max-width:320px\"><div class=\"wp-block-getwid-section__background-holder\"><div class=\"wp-block-getwid-section__background\"><\/div><div class=\"wp-block-getwid-section__foreground\" style=\"opacity:0.09;mix-blend-mode:color\"><\/div><\/div><div class=\"wp-block-getwid-section__content\"><div class=\"wp-block-getwid-section__inner-content\">\n<h5 class=\"wp-block-heading has-text-align-center has-primary-color has-text-color\" style=\"letter-spacing:3px;text-transform:capitalize\"><strong>Merci beaucoup!<\/strong><\/h5>\n<\/div><\/div><\/div><\/div><\/div>\n<\/div>\n","protected":false},"excerpt":{"rendered":"<p>Le centre de conseil pour couples et familles binationaux est une offre destin\u00e9e aux Suisses\/Suissesses et aux \u00e9trangers et \u00e9trang\u00e8res qui vivent dans une relation [&hellip;]<\/p>\n","protected":false},"author":1,"featured_media":0,"parent":0,"menu_order":0,"comment_status":"closed","ping_status":"closed","template":"","meta":{"_seopress_robots_primary_cat":"","_seopress_titles_title":"","_seopress_titles_desc":"","_seopress_robots_index":"","footnotes":""},"class_list":["post-1250","page","type-page","status-publish","hentry"],"_links":{"self":[{"href":"https:\/\/binational-bs.ch\/fr\/wp-json\/wp\/v2\/pages\/1250","targetHints":{"allow":["GET"]}}],"collection":[{"href":"https:\/\/binational-bs.ch\/fr\/wp-json\/wp\/v2\/pages"}],"about":[{"href":"https:\/\/binational-bs.ch\/fr\/wp-json\/wp\/v2\/types\/page"}],"author":[{"embeddable":true,"href":"https:\/\/binational-bs.ch\/fr\/wp-json\/wp\/v2\/users\/1"}],"replies":[{"embeddable":true,"href":"https:\/\/binational-bs.ch\/fr\/wp-json\/wp\/v2\/comments?post=1250"}],"version-history":[{"count":3,"href":"https:\/\/binational-bs.ch\/fr\/wp-json\/wp\/v2\/pages\/1250\/revisions"}],"predecessor-version":[{"id":2425,"href":"https:\/\/binational-bs.ch\/fr\/wp-json\/wp\/v2\/pages\/1250\/revisions\/2425"}],"wp:attachment":[{"href":"https:\/\/binational-bs.ch\/fr\/wp-json\/wp\/v2\/media?parent=1250"}],"curies":[{"name":"wp","href":"https:\/\/api.w.org\/{rel}","templated":true}]}}