{"id":875,"date":"2022-11-13T08:56:16","date_gmt":"2022-11-13T07:56:16","guid":{"rendered":"https:\/\/binational-bs.ch\/?page_id=875"},"modified":"2024-09-27T10:18:37","modified_gmt":"2024-09-27T08:18:37","slug":"offre","status":"publish","type":"page","link":"https:\/\/binational-bs.ch\/fr\/offre\/","title":{"rendered":"Offre"},"content":{"rendered":"\n<div class=\"wp-block-group alignfull pics is-layout-flow wp-container-core-group-is-layout-820ac180 wp-block-group-is-layout-flow\" style=\"padding-top:0;padding-right:0;padding-bottom:0;padding-left:0\">\n<div class=\"wp-block-columns is-layout-flex wp-container-core-columns-is-layout-28f84493 wp-block-columns-is-layout-flex\">\n<div class=\"wp-block-column is-layout-flow wp-block-column-is-layout-flow\">\n<div class=\"wp-block-cover nomobile\" style=\"min-height:300px;aspect-ratio:unset;\"><span aria-hidden=\"true\" class=\"wp-block-cover__background has-background-dim-0 has-background-dim\"><\/span><img alt=\"\" loading=\"lazy\" decoding=\"async\" width=\"800\" height=\"600\" class=\"wp-block-cover__image-background wp-image-2052\" alt=\"\" src=\"https:\/\/binational-bs.ch\/wp-content\/uploads\/2022\/12\/insel-1-1.jpg\" style=\"object-position:0% 20%\" data-object-fit=\"cover\" data-object-position=\"0% 20%\" srcset=\"https:\/\/binational-bs.ch\/wp-content\/uploads\/2022\/12\/insel-1-1.jpg 800w, https:\/\/binational-bs.ch\/wp-content\/uploads\/2022\/12\/insel-1-1-500x375.jpg 500w, https:\/\/binational-bs.ch\/wp-content\/uploads\/2022\/12\/insel-1-1-768x576.jpg 768w\" sizes=\"auto, (max-width: 800px) 100vw, 800px\" \/><div class=\"wp-block-cover__inner-container is-layout-flow wp-block-cover-is-layout-flow\">\n<p class=\"has-text-align-center has-large-font-size\"><\/p>\n<\/div><\/div>\n<\/div>\n\n\n\n<div class=\"wp-block-column is-layout-flow wp-block-column-is-layout-flow\">\n<div class=\"wp-block-cover\" style=\"min-height:300px;aspect-ratio:unset;\"><span aria-hidden=\"true\" class=\"wp-block-cover__background has-background-dim-10 has-background-dim\"><\/span><img alt=\"\" loading=\"lazy\" decoding=\"async\" width=\"1000\" height=\"667\" class=\"wp-block-cover__image-background wp-image-1059\" alt=\"\" src=\"https:\/\/binational-bs.ch\/wp-content\/uploads\/2022\/12\/people-6.jpg\" data-object-fit=\"cover\" srcset=\"https:\/\/binational-bs.ch\/wp-content\/uploads\/2022\/12\/people-6.jpg 1000w, https:\/\/binational-bs.ch\/wp-content\/uploads\/2022\/12\/people-6-500x334.jpg 500w, https:\/\/binational-bs.ch\/wp-content\/uploads\/2022\/12\/people-6-768x512.jpg 768w, https:\/\/binational-bs.ch\/wp-content\/uploads\/2022\/12\/people-6-600x400.jpg 600w, https:\/\/binational-bs.ch\/wp-content\/uploads\/2022\/12\/people-6-938x626.jpg 938w\" sizes=\"auto, (max-width: 1000px) 100vw, 1000px\" \/><div class=\"wp-block-cover__inner-container is-layout-flow wp-block-cover-is-layout-flow\">\n<h1 class=\"wp-block-heading has-text-align-center has-background-color has-text-color has-gilda-display-font-family\">Offre<\/h1>\n<\/div><\/div>\n<\/div>\n\n\n\n<div class=\"wp-block-column is-layout-flow wp-block-column-is-layout-flow\">\n<div class=\"wp-block-cover is-light nomobile\" style=\"min-height:300px;aspect-ratio:unset;\"><span aria-hidden=\"true\" class=\"wp-block-cover__background has-background-dim-0 has-background-dim\"><\/span><img alt=\"\" loading=\"lazy\" decoding=\"async\" width=\"2000\" height=\"1333\" class=\"wp-block-cover__image-background wp-image-501\" alt=\"\" src=\"https:\/\/binational-bs.ch\/wp-content\/uploads\/2022\/11\/photo-9.jpg\" data-object-fit=\"cover\" srcset=\"https:\/\/binational-bs.ch\/wp-content\/uploads\/2022\/11\/photo-9.jpg 2000w, https:\/\/binational-bs.ch\/wp-content\/uploads\/2022\/11\/photo-9-500x333.jpg 500w, https:\/\/binational-bs.ch\/wp-content\/uploads\/2022\/11\/photo-9-1024x682.jpg 1024w, https:\/\/binational-bs.ch\/wp-content\/uploads\/2022\/11\/photo-9-768x512.jpg 768w, https:\/\/binational-bs.ch\/wp-content\/uploads\/2022\/11\/photo-9-1536x1024.jpg 1536w, https:\/\/binational-bs.ch\/wp-content\/uploads\/2022\/11\/photo-9-600x400.jpg 600w, https:\/\/binational-bs.ch\/wp-content\/uploads\/2022\/11\/photo-9-938x625.jpg 938w, https:\/\/binational-bs.ch\/wp-content\/uploads\/2022\/11\/photo-9-1130x753.jpg 1130w\" sizes=\"auto, (max-width: 2000px) 100vw, 2000px\" \/><div class=\"wp-block-cover__inner-container is-layout-flow wp-block-cover-is-layout-flow\">\n<p class=\"has-text-align-center has-large-font-size\"><\/p>\n<\/div><\/div>\n<\/div>\n<\/div>\n<\/div>\n\n\n\n<div style=\"height:70px\" aria-hidden=\"true\" class=\"wp-block-spacer\"><\/div>\n\n\n\n<h2 class=\"wp-block-heading\">Quand le quotidien soul\u00e8ve des questions<\/h2>\n\n\n\n<p>L\u2019agence de consultation communique et procure des informations sur les diff\u00e9rents domaines de la vie en commun:<\/p>\n\n\n\n<ul class=\"wp-block-list\">\n<li>concernant les questions juridiques avant, pendant et apr\u00e8s un mariage\/partenariat<\/li>\n\n\n\n<li>concernant les questions sociales, culturelles et religieuses<\/li>\n\n\n\n<li>concernant le syst\u00e8me \u00e9ducatif et l\u2019int\u00e9gration professionnelle en Suisse et concernant l\u2019int\u00e9gration dans la soci\u00e9t\u00e9 suisse<\/li>\n<\/ul>\n\n\n\n<div style=\"height:30px\" aria-hidden=\"true\" class=\"wp-block-spacer\"><\/div>\n\n\n\n<h2 class=\"wp-block-heading\">Quand une oreille attentive est recherch\u00e9e<\/h2>\n\n\n\n<p>L\u2019agence de consultation assiste les personnes demandant des conseils en:<\/p>\n\n\n\n<ul class=\"wp-block-list\">\n<li>assistant et conseillant les couples avant le mariage ou en cas de s\u00e9paration\/divorce<\/li>\n\n\n\n<li>accompagnant les couples et les familles en cas de difficult\u00e9s et de crises, en tenant compte du contexte biculturel<\/li>\n\n\n\n<li>servant d\u2019interm\u00e9diaire et aidant dans les d\u00e9marches devant les autorit\u00e9s et les institutions&nbsp;<\/li>\n\n\n\n<li>soutenant et accompagnant les efforts d\u2019int\u00e9gration des partenaires \u00e9trangers<\/li>\n\n\n\n<li>fournissant des informations sur l\u2019\u00e9ducation binationale ou le droit des enfants<\/li>\n<\/ul>\n\n\n\n<p>Afin de pouvoir offrir le meilleur soutien, la priorit\u00e9 est accord\u00e9e \u00e0 l&#8217;entretien personnel. Celui-ci peut \u00eatre tenu avec une seule personne ou ensemble avec le partenaire. Si vous \u00eates int\u00e9ress\u00e9 par un conseil, veuillez nous contacter pour convenir d\u2019une date.<\/p>\n\n\n\n<div style=\"height:40px\" aria-hidden=\"true\" class=\"wp-block-spacer\"><\/div>\n\n\n\n<div class=\"wp-block-buttons is-layout-flex wp-block-buttons-is-layout-flex\">\n<div class=\"wp-block-button has-custom-font-size has-medium-font-size\"><a class=\"wp-block-button__link wp-element-button\" href=\"mailto:info@binational-bs.ch\" style=\"border-radius:5px;padding-right:var(--wp--preset--spacing--70);padding-left:var(--wp--preset--spacing--70)\">Contact<\/a><\/div>\n<\/div>\n","protected":false},"excerpt":{"rendered":"<p>Quand le quotidien soul\u00e8ve des questions L\u2019agence de consultation communique et procure des informations sur les diff\u00e9rents domaines de la vie en commun: Quand une [&hellip;]<\/p>\n","protected":false},"author":1,"featured_media":0,"parent":0,"menu_order":0,"comment_status":"closed","ping_status":"closed","template":"","meta":{"_seopress_robots_primary_cat":"","_seopress_titles_title":"","_seopress_titles_desc":"","_seopress_robots_index":"","footnotes":""},"class_list":["post-875","page","type-page","status-publish","hentry"],"_links":{"self":[{"href":"https:\/\/binational-bs.ch\/fr\/wp-json\/wp\/v2\/pages\/875","targetHints":{"allow":["GET"]}}],"collection":[{"href":"https:\/\/binational-bs.ch\/fr\/wp-json\/wp\/v2\/pages"}],"about":[{"href":"https:\/\/binational-bs.ch\/fr\/wp-json\/wp\/v2\/types\/page"}],"author":[{"embeddable":true,"href":"https:\/\/binational-bs.ch\/fr\/wp-json\/wp\/v2\/users\/1"}],"replies":[{"embeddable":true,"href":"https:\/\/binational-bs.ch\/fr\/wp-json\/wp\/v2\/comments?post=875"}],"version-history":[{"count":1,"href":"https:\/\/binational-bs.ch\/fr\/wp-json\/wp\/v2\/pages\/875\/revisions"}],"predecessor-version":[{"id":2702,"href":"https:\/\/binational-bs.ch\/fr\/wp-json\/wp\/v2\/pages\/875\/revisions\/2702"}],"wp:attachment":[{"href":"https:\/\/binational-bs.ch\/fr\/wp-json\/wp\/v2\/media?parent=875"}],"curies":[{"name":"wp","href":"https:\/\/api.w.org\/{rel}","templated":true}]}}