{"id":90,"date":"2022-11-13T09:13:39","date_gmt":"2022-11-13T08:13:39","guid":{"rendered":"https:\/\/binational-bs.ch\/?page_id=90"},"modified":"2024-09-27T09:02:10","modified_gmt":"2024-09-27T07:02:10","slug":"ueber-uns","status":"publish","type":"page","link":"https:\/\/binational-bs.ch\/fr\/ueber-uns\/","title":{"rendered":"Portrait"},"content":{"rendered":"\n<div class=\"wp-block-group alignfull pics is-layout-flow wp-block-group-is-layout-flow\" style=\"margin-bottom:var(--wp--preset--spacing--80)\">\n<div class=\"wp-block-columns is-layout-flex wp-container-core-columns-is-layout-28f84493 wp-block-columns-is-layout-flex\">\n<div class=\"wp-block-column is-layout-flow wp-block-column-is-layout-flow\">\n<div class=\"wp-block-cover nomobile\" style=\"min-height:300px;aspect-ratio:unset;\"><span aria-hidden=\"true\" class=\"wp-block-cover__background has-background-dim-0 has-background-dim\"><\/span><img alt=\"\" loading=\"lazy\" decoding=\"async\" width=\"800\" height=\"800\" class=\"wp-block-cover__image-background wp-image-1110\" alt=\"\" src=\"https:\/\/binational-bs.ch\/wp-content\/uploads\/2022\/12\/love.jpg\" data-object-fit=\"cover\" srcset=\"https:\/\/binational-bs.ch\/wp-content\/uploads\/2022\/12\/love.jpg 800w, https:\/\/binational-bs.ch\/wp-content\/uploads\/2022\/12\/love-300x300.jpg 300w, https:\/\/binational-bs.ch\/wp-content\/uploads\/2022\/12\/love-150x150.jpg 150w, https:\/\/binational-bs.ch\/wp-content\/uploads\/2022\/12\/love-768x768.jpg 768w\" sizes=\"auto, (max-width: 800px) 100vw, 800px\" \/><div class=\"wp-block-cover__inner-container is-layout-flow wp-block-cover-is-layout-flow\">\n<p class=\"has-text-align-center has-large-font-size\"><\/p>\n<\/div><\/div>\n<\/div>\n\n\n\n<div class=\"wp-block-column is-layout-flow wp-block-column-is-layout-flow\">\n<div class=\"wp-block-cover\" style=\"min-height:300px;aspect-ratio:unset;\"><span aria-hidden=\"true\" class=\"wp-block-cover__background has-background-dim-0 has-background-dim\"><\/span><img alt=\"\" decoding=\"async\" class=\"wp-block-cover__image-background wp-image-1978\" alt=\"\" src=\"https:\/\/binational-bs.ch\/wp-content\/uploads\/2022\/12\/insel-3.jpg\" data-object-fit=\"cover\"\/><div class=\"wp-block-cover__inner-container is-layout-flow wp-block-cover-is-layout-flow\">\n<h1 class=\"wp-block-heading has-text-align-center has-background-color has-text-color\">Portrait<\/h1>\n<\/div><\/div>\n<\/div>\n\n\n\n<div class=\"wp-block-column has-primary-background-color has-background is-layout-flow wp-block-column-is-layout-flow\">\n<div class=\"wp-block-cover is-light nomobile\" style=\"min-height:300px;aspect-ratio:unset;\"><span aria-hidden=\"true\" class=\"wp-block-cover__background has-background-dim-0 has-background-dim\"><\/span><img alt=\"\" decoding=\"async\" class=\"wp-block-cover__image-background wp-image-1940\" alt=\"\" src=\"https:\/\/binational-bs.ch\/wp-content\/uploads\/2022\/12\/paar-1.jpg\" style=\"object-position:50% 50%\" data-object-fit=\"cover\" data-object-position=\"50% 50%\"\/><div class=\"wp-block-cover__inner-container is-layout-flow wp-block-cover-is-layout-flow\">\n<p class=\"has-text-align-center has-large-font-size\"><\/p>\n<\/div><\/div>\n<\/div>\n<\/div>\n<\/div>\n\n\n\n<p>Le centre de conseil pour couples et familles binationaux est une offre destin\u00e9e aux Suisses\/Suissesses et aux \u00e9trangers et \u00e9trang\u00e8res qui vivent dans une relation binationale, bi-religieuse, transculturelle ou qui sont concern\u00e9s par celle-ci.<\/p>\n\n\n\n<p>Cr\u00e9\u00e9 en 1970, le service de conseil a pris de l&#8217;importance au fil des ans, au rythme de la mondialisation; aujourd&#8217;hui, plus d&#8217;un tiers des mariages en Suisse sont binationaux !<\/p>\n\n\n\n<p>Gr\u00e2ce aux exp\u00e9riences gagn\u00e9es et aux contacts \u00e9tablis au cours des nombreuses ann\u00e9es, le centre de conseil est le point de contact pour ceux qui cherchent des conseils dans la r\u00e9gion de B\u00e2le sur les diff\u00e9rentes questions d&#8217;une union binationale. Il conseille les couples binationaux sur les questions juridiques et interculturelles et offre un soutien psychologique et \u00e9ducatif pour les probl\u00e8mes d&#8217;int\u00e9gration, de relation ou de parentalit\u00e9. Le centre de conseil travaille de mani\u00e8re confidentielle et est neutre sur le plan confessionnel et politique.<\/p>\n\n\n\n<p>Le centre de conseil est \u00e9galement heureux de soutenir les couples mononationaux, dans la mesure o\u00f9 les capacit\u00e9s du personnel le permettent.<\/p>\n\n\n\n<div style=\"height:60px\" aria-hidden=\"true\" class=\"wp-block-spacer\"><\/div>\n\n\n\n<div class=\"wp-block-group alignwide is-layout-constrained wp-container-core-group-is-layout-4190b2cc wp-block-group-is-layout-constrained\" style=\"padding-top:var(--wp--preset--spacing--70);padding-bottom:var(--wp--preset--spacing--70)\">\n<h1 class=\"wp-block-heading\">Team<\/h1>\n\n\n\n<hr class=\"wp-block-separator has-text-color has-tertiary-color has-alpha-channel-opacity has-tertiary-background-color has-background is-style-default\" style=\"margin-bottom:var(--wp--preset--spacing--70)\"\/>\n\n\n\n<div class=\"wp-block-columns is-layout-flex wp-container-core-columns-is-layout-cf05694f wp-block-columns-is-layout-flex\">\n<div class=\"wp-block-column is-layout-flow wp-block-column-is-layout-flow\">\n<div class=\"wp-block-columns is-layout-flex wp-container-core-columns-is-layout-28f84493 wp-block-columns-is-layout-flex\">\n<div class=\"wp-block-column is-layout-flow wp-block-column-is-layout-flow\" style=\"flex-basis:150px\">\n<figure class=\"wp-block-image size-full is-resized\"><img loading=\"lazy\" decoding=\"async\" width=\"353\" height=\"459\" src=\"https:\/\/binational-bs.ch\/wp-content\/uploads\/2024\/03\/rebekka-utzinger.jpg\" alt=\"Dr. iur. Rebekka Utzinger\" class=\"wp-image-2489\" style=\"aspect-ratio:3\/4;object-fit:cover;width:auto;height:186px\"\/><\/figure>\n<\/div>\n\n\n\n<div class=\"wp-block-column is-vertically-aligned-top is-layout-flow wp-block-column-is-layout-flow\">\n<p><strong>Dr. iur. Rebekka Utzinger<\/strong><br>Leitung der Beratungsstelle, Juristische Beratung, Paar- und Familienberatung, Mediation, Coaching<\/p>\n<\/div>\n<\/div>\n<\/div>\n\n\n\n<div class=\"wp-block-column is-layout-flow wp-block-column-is-layout-flow\">\n<div class=\"wp-block-columns is-layout-flex wp-container-core-columns-is-layout-28f84493 wp-block-columns-is-layout-flex\">\n<div class=\"wp-block-column is-layout-flow wp-block-column-is-layout-flow\" style=\"flex-basis:150px\">\n<figure class=\"wp-block-image size-full is-resized\"><img loading=\"lazy\" decoding=\"async\" width=\"188\" height=\"245\" src=\"https:\/\/binational-bs.ch\/wp-content\/uploads\/2024\/03\/muriel-deweck.jpg\" alt=\"Mariel de Weck-Yomha, lic.phil.\" class=\"wp-image-2494\" style=\"aspect-ratio:3\/4;object-fit:cover;width:auto;height:186px\"\/><\/figure>\n<\/div>\n\n\n\n<div class=\"wp-block-column is-layout-flow wp-block-column-is-layout-flow\">\n<p><strong>Mariel de Weck-Yomha, lic.phil.<\/strong><br>Psychotherapeutin, Paar- und Familienberatung, Coaching<\/p>\n<\/div>\n<\/div>\n<\/div>\n<\/div>\n\n\n\n<div class=\"wp-block-columns is-layout-flex wp-container-core-columns-is-layout-cf05694f wp-block-columns-is-layout-flex\">\n<div class=\"wp-block-column is-layout-flow wp-block-column-is-layout-flow\">\n<div class=\"wp-block-columns is-layout-flex wp-container-core-columns-is-layout-28f84493 wp-block-columns-is-layout-flex\">\n<div class=\"wp-block-column is-layout-flow wp-block-column-is-layout-flow\" style=\"flex-basis:150px\">\n<figure class=\"wp-block-image size-full is-resized\"><img loading=\"lazy\" decoding=\"async\" width=\"159\" height=\"186\" src=\"https:\/\/binational-bs.ch\/wp-content\/uploads\/2024\/03\/laura-simone.jpg\" alt=\"Laura Edith Simone-Szuldman, lic. psych., Master in Sozialer Arbeit FHNW\" class=\"wp-image-2499\" style=\"aspect-ratio:3\/4;object-fit:cover;width:auto;height:186px\"\/><\/figure>\n<\/div>\n\n\n\n<div class=\"wp-block-column is-layout-flow wp-block-column-is-layout-flow\">\n<p><strong>Laura Edith Simone-Szuldman, lic. psych., Master in Sozialer Arbeit FHNW<\/strong><br>Psychologin, Paar- und Familienberatung&nbsp;<\/p>\n<\/div>\n<\/div>\n<\/div>\n\n\n\n<div class=\"wp-block-column is-layout-flow wp-block-column-is-layout-flow\">\n<div class=\"wp-block-columns is-layout-flex wp-container-core-columns-is-layout-28f84493 wp-block-columns-is-layout-flex\">\n<div class=\"wp-block-column is-layout-flow wp-block-column-is-layout-flow\" style=\"flex-basis:150px\">\n<figure class=\"wp-block-image size-large is-resized\"><img loading=\"lazy\" decoding=\"async\" width=\"782\" height=\"1024\" src=\"https:\/\/binational-bs.ch\/wp-content\/uploads\/2024\/03\/liliane-chavanne-782x1024.jpg\" alt=\"Liliane Chavanne, Sozialarbeiterin und Betriebs\u00f6konomin FHNW\" class=\"wp-image-2504\" style=\"width:auto;height:186px\" srcset=\"https:\/\/binational-bs.ch\/wp-content\/uploads\/2024\/03\/liliane-chavanne-782x1024.jpg 782w, https:\/\/binational-bs.ch\/wp-content\/uploads\/2024\/03\/liliane-chavanne-382x500.jpg 382w, https:\/\/binational-bs.ch\/wp-content\/uploads\/2024\/03\/liliane-chavanne-768x1006.jpg 768w, https:\/\/binational-bs.ch\/wp-content\/uploads\/2024\/03\/liliane-chavanne-1173x1536.jpg 1173w, https:\/\/binational-bs.ch\/wp-content\/uploads\/2024\/03\/liliane-chavanne-1564x2048.jpg 1564w, https:\/\/binational-bs.ch\/wp-content\/uploads\/2024\/03\/liliane-chavanne.jpg 1618w\" sizes=\"auto, (max-width: 782px) 100vw, 782px\" \/><\/figure>\n<\/div>\n\n\n\n<div class=\"wp-block-column is-layout-flow wp-block-column-is-layout-flow\">\n<p><strong>Liliane Chavanne, Sozialarbeiterin und Betriebs\u00f6konomin FHNW<\/strong><br>Projekt Integration nach Mass<\/p>\n<\/div>\n<\/div>\n<\/div>\n<\/div>\n\n\n\n<div style=\"height:24px\" aria-hidden=\"true\" class=\"wp-block-spacer\"><\/div>\n\n\n\n<hr class=\"wp-block-separator has-text-color has-tertiary-color has-alpha-channel-opacity has-tertiary-background-color has-background is-style-default\"\/>\n<\/div>\n\n\n\n<p class=\"has-text-align-center\">L\u2019agence de consultation est ind\u00e9pendante sur les plan politique et confessionnel. Les conseiellers\/conseill\u00e8res sont tenu(e)s \u00e0 l\u2019obligation de secret<\/p>\n\n\n\n<p class=\"has-text-align-center\"><\/p>\n\n\n\n<div class=\"wp-block-group is-layout-constrained wp-container-core-group-is-layout-0706528e wp-block-group-is-layout-constrained\" style=\"padding-top:var(--wp--preset--spacing--60);padding-bottom:var(--wp--preset--spacing--60)\">\n<figure class=\"wp-block-image size-large\"><img alt=\"\" loading=\"lazy\" decoding=\"async\" width=\"1024\" height=\"961\" src=\"https:\/\/binational-bs.ch\/wp-content\/uploads\/2024\/09\/buero-1024x961.jpg\" alt=\"\" class=\"wp-image-2584\" srcset=\"https:\/\/binational-bs.ch\/wp-content\/uploads\/2024\/09\/buero-1024x961.jpg 1024w, https:\/\/binational-bs.ch\/wp-content\/uploads\/2024\/09\/buero-500x469.jpg 500w, https:\/\/binational-bs.ch\/wp-content\/uploads\/2024\/09\/buero-768x720.jpg 768w, https:\/\/binational-bs.ch\/wp-content\/uploads\/2024\/09\/buero-1536x1441.jpg 1536w, https:\/\/binational-bs.ch\/wp-content\/uploads\/2024\/09\/buero.jpg 1920w\" sizes=\"auto, (max-width: 1024px) 100vw, 1024px\" \/><\/figure>\n<\/div>\n\n\n\n<p class=\"has-text-align-center\"><br><\/p>\n\n\n\n<p><\/p>\n","protected":false},"excerpt":{"rendered":"<p>Le centre de conseil pour couples et familles binationaux est une offre destin\u00e9e aux Suisses\/Suissesses et aux \u00e9trangers et \u00e9trang\u00e8res qui vivent dans une relation [&hellip;]<\/p>\n","protected":false},"author":1,"featured_media":0,"parent":0,"menu_order":0,"comment_status":"closed","ping_status":"closed","template":"","meta":{"_seopress_robots_primary_cat":"","_seopress_titles_title":"","_seopress_titles_desc":"","_seopress_robots_index":"","footnotes":""},"class_list":["post-90","page","type-page","status-publish","hentry"],"_links":{"self":[{"href":"https:\/\/binational-bs.ch\/fr\/wp-json\/wp\/v2\/pages\/90","targetHints":{"allow":["GET"]}}],"collection":[{"href":"https:\/\/binational-bs.ch\/fr\/wp-json\/wp\/v2\/pages"}],"about":[{"href":"https:\/\/binational-bs.ch\/fr\/wp-json\/wp\/v2\/types\/page"}],"author":[{"embeddable":true,"href":"https:\/\/binational-bs.ch\/fr\/wp-json\/wp\/v2\/users\/1"}],"replies":[{"embeddable":true,"href":"https:\/\/binational-bs.ch\/fr\/wp-json\/wp\/v2\/comments?post=90"}],"version-history":[{"count":6,"href":"https:\/\/binational-bs.ch\/fr\/wp-json\/wp\/v2\/pages\/90\/revisions"}],"predecessor-version":[{"id":2604,"href":"https:\/\/binational-bs.ch\/fr\/wp-json\/wp\/v2\/pages\/90\/revisions\/2604"}],"wp:attachment":[{"href":"https:\/\/binational-bs.ch\/fr\/wp-json\/wp\/v2\/media?parent=90"}],"curies":[{"name":"wp","href":"https:\/\/api.w.org\/{rel}","templated":true}]}}